{"id":7,"date":"2024-03-21T16:09:32","date_gmt":"2024-03-21T16:09:32","guid":{"rendered":"https:\/\/anrahmor.apollo.wpspace.me\/?page_id=7"},"modified":"2024-04-21T16:05:34","modified_gmt":"2024-04-21T16:05:34","slug":"willkommen","status":"publish","type":"page","link":"https:\/\/anrahmor.apollo.wpspace.me\/","title":{"rendered":"Willkommen"},"content":{"rendered":"<p>[et_pb_section fb_built=&#8220;1&#8243; _builder_version=&#8220;4.24.2&#8243; _module_preset=&#8220;default&#8220; background_color=&#8220;#fff0f0&#8243; custom_padding=&#8220;0px||0px|||&#8220; global_colors_info=&#8220;{}&#8220;][et_pb_row _builder_version=&#8220;4.23.4&#8243; _module_preset=&#8220;default&#8220; global_colors_info=&#8220;{}&#8220;][et_pb_column type=&#8220;4_4&#8243; _builder_version=&#8220;4.23.4&#8243; _module_preset=&#8220;default&#8220; global_colors_info=&#8220;{}&#8220;][et_pb_text _builder_version=&#8220;4.24.2&#8243; _module_preset=&#8220;default&#8220; text_text_color=&#8220;#3D2408&#8243; header_5_font=&#8220;Architects Daughter|300|||||||&#8220; header_5_text_color=&#8220;#ad518e&#8220; hover_enabled=&#8220;0&#8243; inline_fonts=&#8220;Architects Daughter&#8220; global_colors_info=&#8220;{}&#8220; sticky_enabled=&#8220;0&#8243;]<\/p>\n<p>Kinder sind das Wertvollste einer jeden Gesellschaft \u2013 sie sind unsere Zukunft.<\/p>\n<p>Wir alle wissen, dass heute unsere Kinder einem gro\u00dfen Leistungsdruck unterliegen und den Anforderungen, denen sie ausgesetzt sind, kaum noch standhalten k\u00f6nnen. Deshalb ben\u00f6tigen sie dringend unsere Hilfe.<\/p>\n<p>Die Rolle der Mutter, des Vaters, auch des Kindes untersteht gewissen Dogmen, Anspr\u00fcchen und gesellschaftlichen Strukturen. Gerade in der Familie entstehen viele Konflikte, die es zu l\u00f6sen gilt.<\/p>\n<p>Deshalb ist u.a. die Geburt ein gro\u00dfes Thema, ihr Verlauf, Gedanken, Emotionen und Schmerzen. Durch die Zeugung wird die Herzensverbindung \u00fcber die Mutter zum Rest der Familie angelegt. Oft wurde die Herzensverbindung zwischen Mutter und Kind nicht gefestigt.<\/p>\n<p>Durch meine Arbeit helfe ich Dir, den Konflikt zu erkennen und weise Dir den Weg zur L\u00f6sung. Hier k\u00f6nnen wir transformierend arbeiten, es darf einfach und leicht gehen. Ob kreativ, im Spiel oder im Gespr\u00e4ch, es wird sich vieles l\u00f6sen.<\/p>\n<p>Tiere sind dabei unsere besten Helfer, da sie die Herzen \u00f6ffnen und so werde ich bei Bedarf von meinem Hund unterst\u00fctzt.<\/p>\n<h5><\/h5>\n<h5><\/h5>\n<h5><span style=\"color: #ad518e; font-size: large;\">Es ist mir eine Freude, wenn ich Dich ein St\u00fcck auf Deinem Weg begleiten darf.<\/span><\/h5>\n<p>Von ganzem Herzen bin ich f\u00fcr Dich da.<\/p>\n<p>[\/et_pb_text][et_pb_text _builder_version=&#8220;4.24.2&#8243; _module_preset=&#8220;default&#8220; header_3_font=&#8220;|300|||||||&#8220; header_3_text_color=&#8220;#ad518e&#8220; hover_enabled=&#8220;0&#8243; global_colors_info=&#8220;{}&#8220; sticky_enabled=&#8220;0&#8243;]<\/p>\n<h3>Karla Beatrix<\/h3>\n<p>[\/et_pb_text][\/et_pb_column][\/et_pb_row][\/et_pb_section][et_pb_section fb_built=&#8220;1&#8243; prev_background_color=&#8220;#fff0f0&#8243; _builder_version=&#8220;4.24.2&#8243; _module_preset=&#8220;default&#8220; background_image=&#8220;https:\/\/anrahmor.apollo.wpspace.me\/wp-content\/uploads\/2024\/03\/Familienberatung-Hintergrund.jpg&#8220; custom_padding=&#8220;||0px|||&#8220; top_divider_style=&#8220;wave2&#8243; bottom_divider_style=&#8220;wave2&#8243; bottom_divider_color=&#8220;#FFF0F0&#8243; bottom_divider_height=&#8220;140px&#8220; global_colors_info=&#8220;{}&#8220;][et_pb_row _builder_version=&#8220;4.24.2&#8243; _module_preset=&#8220;default&#8220; global_colors_info=&#8220;{}&#8220;][et_pb_column type=&#8220;4_4&#8243; _builder_version=&#8220;4.24.2&#8243; _module_preset=&#8220;default&#8220; global_colors_info=&#8220;{}&#8220;][et_pb_divider show_divider=&#8220;off&#8220; _builder_version=&#8220;4.24.2&#8243; _module_preset=&#8220;default&#8220; global_colors_info=&#8220;{}&#8220;][\/et_pb_divider][\/et_pb_column][\/et_pb_row][\/et_pb_section][et_pb_section fb_built=&#8220;1&#8243; _builder_version=&#8220;4.24.2&#8243; _module_preset=&#8220;default&#8220; background_color=&#8220;RGBA(255,255,255,0)&#8220; custom_padding=&#8220;0px||1px|||&#8220; global_colors_info=&#8220;{}&#8220;][et_pb_row column_structure=&#8220;1_3,1_3,1_3&#8243; _builder_version=&#8220;4.24.2&#8243; _module_preset=&#8220;default&#8220; global_colors_info=&#8220;{}&#8220;][et_pb_column type=&#8220;1_3&#8243; _builder_version=&#8220;4.24.2&#8243; _module_preset=&#8220;default&#8220; global_colors_info=&#8220;{}&#8220;][et_pb_icon font_icon=&#8220;&#xe089;||divi||400&#8243; icon_color=&#8220;#E0CBC7&#8243; icon_width=&#8220;45px&#8220; _builder_version=&#8220;4.24.2&#8243; _module_preset=&#8220;default&#8220; global_colors_info=&#8220;{}&#8220;][\/et_pb_icon][et_pb_text _builder_version=&#8220;4.24.2&#8243; _module_preset=&#8220;default&#8220; text_text_color=&#8220;#3D2408&#8243; text_orientation=&#8220;center&#8220; hover_enabled=&#8220;0&#8243; global_colors_info=&#8220;{}&#8220; header_3_text_color=&#8220;#ad518e&#8220; sticky_enabled=&#8220;0&#8243;]<\/p>\n<h3>Einzelberatung<\/h3>\n<p>Ich gebe Dir einen gesch\u00fctzten Raum und die Zeit, die Du brauchst, um mitzuteilen, was Dich im<br \/>Moment bewegt&#8230;<\/p>\n<p>[\/et_pb_text][\/et_pb_column][et_pb_column type=&#8220;1_3&#8243; _builder_version=&#8220;4.24.2&#8243; _module_preset=&#8220;default&#8220; global_colors_info=&#8220;{}&#8220;][et_pb_icon font_icon=&#8220;&#xf267;||fa||400&#8243; icon_color=&#8220;#E0CBC7&#8243; icon_width=&#8220;45px&#8220; _builder_version=&#8220;4.24.2&#8243; _module_preset=&#8220;default&#8220; global_colors_info=&#8220;{}&#8220;][\/et_pb_icon][et_pb_text _builder_version=&#8220;4.24.2&#8243; _module_preset=&#8220;default&#8220; text_text_color=&#8220;#3D2408&#8243; text_orientation=&#8220;center&#8220; hover_enabled=&#8220;0&#8243; global_colors_info=&#8220;{}&#8220; header_3_text_color=&#8220;#ad518e&#8220; sticky_enabled=&#8220;0&#8243;]<\/p>\n<h3>Coaching<\/h3>\n<p>Du hast ein Ziel und wei\u00dft momentan nicht, wie es weiter geht?<br \/>Gemeinsam schauen wir, wo Du gerade stehst&#8230;<\/p>\n<p>[\/et_pb_text][\/et_pb_column][et_pb_column type=&#8220;1_3&#8243; _builder_version=&#8220;4.24.2&#8243; _module_preset=&#8220;default&#8220; global_colors_info=&#8220;{}&#8220;][et_pb_icon font_icon=&#8220;&#xf5bb;||fa||900&#8243; icon_color=&#8220;#E0CBC7&#8243; icon_width=&#8220;45px&#8220; _builder_version=&#8220;4.24.2&#8243; _module_preset=&#8220;default&#8220; global_colors_info=&#8220;{}&#8220;][\/et_pb_icon][et_pb_text _builder_version=&#8220;4.24.2&#8243; _module_preset=&#8220;default&#8220; text_text_color=&#8220;#3D2408&#8243; text_orientation=&#8220;center&#8220; hover_enabled=&#8220;0&#8243; global_colors_info=&#8220;{}&#8220; header_3_text_color=&#8220;#ad518e&#8220; sticky_enabled=&#8220;0&#8243;]<\/p>\n<h3>R\u00fcckf\u00fchrung<\/h3>\n<p>Oft haben heutige Probleme ihren Ursprung in der Kindheit, Geburt, Schwangerschaft bzw. in einem<br \/>fr\u00fcheren Leben&#8230;<\/p>\n<p>[\/et_pb_text][\/et_pb_column][\/et_pb_row][et_pb_row _builder_version=&#8220;4.24.2&#8243; _module_preset=&#8220;default&#8220; custom_padding=&#8220;0px|||||&#8220; global_colors_info=&#8220;{}&#8220;][et_pb_column type=&#8220;4_4&#8243; _builder_version=&#8220;4.24.2&#8243; _module_preset=&#8220;default&#8220; global_colors_info=&#8220;{}&#8220;][et_pb_button button_url=&#8220;https:\/\/anrahmor.apollo.wpspace.me\/index.php\/angebote\/&#8220; button_text=&#8220;zu meinen Angeboten&#8220; button_alignment=&#8220;center&#8220; _builder_version=&#8220;4.24.2&#8243; _module_preset=&#8220;default&#8220; custom_button=&#8220;on&#8220; button_text_color=&#8220;#FFFFFF&#8220; button_bg_color=&#8220;#E0CBC7&#8243; button_border_color=&#8220;#FFFFFF&#8220; button_border_radius=&#8220;10px&#8220; global_colors_info=&#8220;{}&#8220;][\/et_pb_button][\/et_pb_column][\/et_pb_row][\/et_pb_section]<\/p>\n","protected":false},"excerpt":{"rendered":"<p>Kinder sind das Wertvollste einer jeden Gesellschaft \u2013 sie sind unsere Zukunft. Wir alle wissen, dass heute unsere Kinder einem gro\u00dfen Leistungsdruck unterliegen und den Anforderungen, denen sie ausgesetzt sind, kaum noch standhalten k\u00f6nnen. Deshalb ben\u00f6tigen sie dringend unsere Hilfe. Die Rolle der Mutter, des Vaters, auch des Kindes untersteht gewissen Dogmen, Anspr\u00fcchen und gesellschaftlichen [&hellip;]<\/p>\n","protected":false},"author":1,"featured_media":0,"parent":0,"menu_order":0,"comment_status":"closed","ping_status":"closed","template":"","meta":{"_et_pb_use_builder":"on","_et_pb_old_content":"<!-- wp:divi\/placeholder \/-->","_et_gb_content_width":"","footnotes":""},"class_list":["post-7","page","type-page","status-publish","hentry"],"_links":{"self":[{"href":"https:\/\/anrahmor.apollo.wpspace.me\/index.php\/wp-json\/wp\/v2\/pages\/7","targetHints":{"allow":["GET"]}}],"collection":[{"href":"https:\/\/anrahmor.apollo.wpspace.me\/index.php\/wp-json\/wp\/v2\/pages"}],"about":[{"href":"https:\/\/anrahmor.apollo.wpspace.me\/index.php\/wp-json\/wp\/v2\/types\/page"}],"author":[{"embeddable":true,"href":"https:\/\/anrahmor.apollo.wpspace.me\/index.php\/wp-json\/wp\/v2\/users\/1"}],"replies":[{"embeddable":true,"href":"https:\/\/anrahmor.apollo.wpspace.me\/index.php\/wp-json\/wp\/v2\/comments?post=7"}],"version-history":[{"count":12,"href":"https:\/\/anrahmor.apollo.wpspace.me\/index.php\/wp-json\/wp\/v2\/pages\/7\/revisions"}],"predecessor-version":[{"id":176,"href":"https:\/\/anrahmor.apollo.wpspace.me\/index.php\/wp-json\/wp\/v2\/pages\/7\/revisions\/176"}],"wp:attachment":[{"href":"https:\/\/anrahmor.apollo.wpspace.me\/index.php\/wp-json\/wp\/v2\/media?parent=7"}],"curies":[{"name":"wp","href":"https:\/\/api.w.org\/{rel}","templated":true}]}}